{"id":7,"date":"2022-04-08T09:52:49","date_gmt":"2022-04-08T09:52:49","guid":{"rendered":"https:\/\/v1.mindgetter.com\/?page_id=7"},"modified":"2024-10-10T06:11:11","modified_gmt":"2024-10-10T06:11:11","slug":"home","status":"publish","type":"page","link":"https:\/\/v1.mindgetter.com\/en\/","title":{"rendered":"Mind Getter Coaching"},"content":{"rendered":"","protected":false},"excerpt":{"rendered":"","protected":false},"author":1,"featured_media":0,"parent":0,"menu_order":0,"comment_status":"open","ping_status":"closed","template":"","meta":{"_seopress_robots_primary_cat":"","_seopress_titles_title":"Mind Getter Coaching","_seopress_titles_desc":"Mindgetter te ajut\u0103 s\u0103 \u00ee\u021bi atingi poten\u021bialul prin resurse, coaching \u0219i ghiduri personalizate. Exploreaz\u0103 metode inovative pentru a-\u021bi dezvolta abilit\u0103\u021bile, a dep\u0103\u0219i obstacolele \u0219i a-\u021bi \u00eendeplini obiectivele personale \u0219i profesionale.","_seopress_robots_index":"","footnotes":""},"class_list":["post-7","page","type-page","status-publish","hentry"],"rttpg_featured_image_url":null,"rttpg_author":{"display_name":"Ionu\u021b Iliu\u021b\u0103","author_link":"https:\/\/v1.mindgetter.com\/en\/author\/admin\/"},"rttpg_comment":0,"rttpg_category":null,"rttpg_excerpt":null,"_links":{"self":[{"href":"https:\/\/v1.mindgetter.com\/en\/wp-json\/wp\/v2\/pages\/7","targetHints":{"allow":["GET"]}}],"collection":[{"href":"https:\/\/v1.mindgetter.com\/en\/wp-json\/wp\/v2\/pages"}],"about":[{"href":"https:\/\/v1.mindgetter.com\/en\/wp-json\/wp\/v2\/types\/page"}],"author":[{"embeddable":true,"href":"https:\/\/v1.mindgetter.com\/en\/wp-json\/wp\/v2\/users\/1"}],"replies":[{"embeddable":true,"href":"https:\/\/v1.mindgetter.com\/en\/wp-json\/wp\/v2\/comments?post=7"}],"version-history":[{"count":0,"href":"https:\/\/v1.mindgetter.com\/en\/wp-json\/wp\/v2\/pages\/7\/revisions"}],"wp:attachment":[{"href":"https:\/\/v1.mindgetter.com\/en\/wp-json\/wp\/v2\/media?parent=7"}],"curies":[{"name":"wp","href":"https:\/\/api.w.org\/{rel}","templated":true}]}}