{"id":493,"date":"2024-07-31T11:36:18","date_gmt":"2024-07-31T11:36:18","guid":{"rendered":"https:\/\/v1.mindgetter.com\/?page_id=493"},"modified":"2024-10-09T10:07:18","modified_gmt":"2024-10-09T10:07:18","slug":"corporate-coaching","status":"publish","type":"page","link":"https:\/\/v1.mindgetter.com\/en\/corporate-coaching\/","title":{"rendered":"Corporate Coaching"},"content":{"rendered":"","protected":false},"excerpt":{"rendered":"","protected":false},"author":1,"featured_media":0,"parent":0,"menu_order":0,"comment_status":"closed","ping_status":"closed","template":"","meta":{"_seopress_robots_primary_cat":"","_seopress_titles_title":"Corporate Coaching | Mindgetter","_seopress_titles_desc":"Maximizeaz\u0103 poten\u021bialul echipei tale prin sesiuni de corporate coaching. Oferim programe personalizate pentru leadership, managementul stresului \u0219i \u00eembun\u0103t\u0103\u021birea comunic\u0103rii \u00een cadrul organiza\u021biilor, contribuind la succesul \u0219i cre\u0219terea afacerii tale.","_seopress_robots_index":"","footnotes":""},"class_list":["post-493","page","type-page","status-publish","hentry"],"rttpg_featured_image_url":null,"rttpg_author":{"display_name":"Ionu\u021b Iliu\u021b\u0103","author_link":"https:\/\/v1.mindgetter.com\/en\/author\/admin\/"},"rttpg_comment":0,"rttpg_category":null,"rttpg_excerpt":null,"_links":{"self":[{"href":"https:\/\/v1.mindgetter.com\/en\/wp-json\/wp\/v2\/pages\/493","targetHints":{"allow":["GET"]}}],"collection":[{"href":"https:\/\/v1.mindgetter.com\/en\/wp-json\/wp\/v2\/pages"}],"about":[{"href":"https:\/\/v1.mindgetter.com\/en\/wp-json\/wp\/v2\/types\/page"}],"author":[{"embeddable":true,"href":"https:\/\/v1.mindgetter.com\/en\/wp-json\/wp\/v2\/users\/1"}],"replies":[{"embeddable":true,"href":"https:\/\/v1.mindgetter.com\/en\/wp-json\/wp\/v2\/comments?post=493"}],"version-history":[{"count":0,"href":"https:\/\/v1.mindgetter.com\/en\/wp-json\/wp\/v2\/pages\/493\/revisions"}],"wp:attachment":[{"href":"https:\/\/v1.mindgetter.com\/en\/wp-json\/wp\/v2\/media?parent=493"}],"curies":[{"name":"wp","href":"https:\/\/api.w.org\/{rel}","templated":true}]}}