{"id":486,"date":"2024-07-31T11:30:30","date_gmt":"2024-07-31T11:30:30","guid":{"rendered":"https:\/\/v1.mindgetter.com\/?page_id=486"},"modified":"2024-10-09T10:07:36","modified_gmt":"2024-10-09T10:07:36","slug":"coaching-over-cancer","status":"publish","type":"page","link":"https:\/\/v1.mindgetter.com\/en\/coaching-over-cancer\/","title":{"rendered":"Coaching over cancer"},"content":{"rendered":"","protected":false},"excerpt":{"rendered":"","protected":false},"author":1,"featured_media":0,"parent":0,"menu_order":0,"comment_status":"closed","ping_status":"closed","template":"","meta":{"_seopress_robots_primary_cat":"","_seopress_titles_title":"Coaching Over Cancer | Mindgetter","_seopress_titles_desc":"Programul Coaching Over Cancer ofer\u0103 suport emo\u021bional \u0219i ghidare pentru pacien\u021bii cu cancer. Descoper\u0103 cum coachingul personalizat te poate ajuta s\u0103 \u00ee\u021bi gestionezi mai bine provoc\u0103rile \u0219i s\u0103 g\u0103se\u0219ti puterea interioar\u0103 \u00een lupta cu boala.","_seopress_robots_index":"","footnotes":""},"class_list":["post-486","page","type-page","status-publish","hentry"],"rttpg_featured_image_url":null,"rttpg_author":{"display_name":"Ionu\u021b Iliu\u021b\u0103","author_link":"https:\/\/v1.mindgetter.com\/en\/author\/admin\/"},"rttpg_comment":0,"rttpg_category":null,"rttpg_excerpt":null,"_links":{"self":[{"href":"https:\/\/v1.mindgetter.com\/en\/wp-json\/wp\/v2\/pages\/486","targetHints":{"allow":["GET"]}}],"collection":[{"href":"https:\/\/v1.mindgetter.com\/en\/wp-json\/wp\/v2\/pages"}],"about":[{"href":"https:\/\/v1.mindgetter.com\/en\/wp-json\/wp\/v2\/types\/page"}],"author":[{"embeddable":true,"href":"https:\/\/v1.mindgetter.com\/en\/wp-json\/wp\/v2\/users\/1"}],"replies":[{"embeddable":true,"href":"https:\/\/v1.mindgetter.com\/en\/wp-json\/wp\/v2\/comments?post=486"}],"version-history":[{"count":0,"href":"https:\/\/v1.mindgetter.com\/en\/wp-json\/wp\/v2\/pages\/486\/revisions"}],"wp:attachment":[{"href":"https:\/\/v1.mindgetter.com\/en\/wp-json\/wp\/v2\/media?parent=486"}],"curies":[{"name":"wp","href":"https:\/\/api.w.org\/{rel}","templated":true}]}}